{"id":3780,"date":"2026-04-10T05:31:51","date_gmt":"2026-04-10T05:31:51","guid":{"rendered":"https:\/\/fancifinds.shop\/?post_type=product&#038;p=3780"},"modified":"2026-04-10T05:34:24","modified_gmt":"2026-04-10T05:34:24","slug":"huesitos-original-caja-48-barritas-de-barquillo-cubiertas-de-chocolate-snack-clasico-espanol","status":"publish","type":"product","link":"https:\/\/fancifinds.shop\/es\/producto\/huesitos-original-caja-48-barritas-de-barquillo-cubiertas-de-chocolate-snack-clasico-espanol\/","title":{"rendered":"Huesitos Original - Caja 48 Barritas de Barquillo Cubiertas de Chocolate | Snack Cl\u00e1sico Espa\u00f1ol"},"content":{"rendered":"<div data-elementor-type=\"product-post\" data-elementor-id=\"3780\" class=\"elementor elementor-3780\" data-elementor-post-type=\"product\">\n\t\t\t\t<div class=\"elementor-element elementor-element-70c858d1 e-flex e-con-boxed e-con e-parent\" data-id=\"70c858d1\" data-element_type=\"container\" data-settings=\"{&quot;ekit_has_onepagescroll_dot&quot;:&quot;yes&quot;}\">\n\t\t\t\t\t<div class=\"e-con-inner\">\n\t\t\t\t<div class=\"elementor-element elementor-element-7c761680 elementor-widget elementor-widget-image\" data-id=\"7c761680\" data-element_type=\"widget\" data-settings=\"{&quot;ekit_we_effect_on&quot;:&quot;none&quot;}\" data-widget_type=\"image.default\">\n\t\t\t\t<div class=\"elementor-widget-container\">\n\t\t\t\t\t\t\t\t\t\t\t\t\t\t\t<img fetchpriority=\"high\" decoding=\"async\" width=\"1600\" height=\"898\" src=\"https:\/\/fancifinds.shop\/wp-content\/uploads\/2026\/04\/22-1-scaled-1.jpg\" class=\"attachment-full size-full wp-image-3765 wvs-archive-product-image\" alt=\"\" srcset=\"https:\/\/fancifinds.shop\/wp-content\/uploads\/2026\/04\/22-1-scaled-1.jpg 1600w, https:\/\/fancifinds.shop\/wp-content\/uploads\/2026\/04\/22-1-scaled-1-300x168.jpg 300w, https:\/\/fancifinds.shop\/wp-content\/uploads\/2026\/04\/22-1-scaled-1-1024x575.jpg 1024w, https:\/\/fancifinds.shop\/wp-content\/uploads\/2026\/04\/22-1-scaled-1-768x431.jpg 768w, https:\/\/fancifinds.shop\/wp-content\/uploads\/2026\/04\/22-1-scaled-1-1536x862.jpg 1536w, https:\/\/fancifinds.shop\/wp-content\/uploads\/2026\/04\/22-1-scaled-1-18x10.jpg 18w, https:\/\/fancifinds.shop\/wp-content\/uploads\/2026\/04\/22-1-scaled-1-110x62.jpg 110w, https:\/\/fancifinds.shop\/wp-content\/uploads\/2026\/04\/22-1-scaled-1-60x34.jpg 60w, https:\/\/fancifinds.shop\/wp-content\/uploads\/2026\/04\/22-1-scaled-1-600x337.jpg 600w\" sizes=\"(max-width: 1600px) 100vw, 1600px\" \/>\t\t\t\t\t\t\t\t\t\t\t\t\t\t\t<\/div>\n\t\t\t\t<\/div>\n\t\t\t\t<div class=\"elementor-element elementor-element-3b583723 elementor-widget elementor-widget-image\" data-id=\"3b583723\" data-element_type=\"widget\" data-settings=\"{&quot;ekit_we_effect_on&quot;:&quot;none&quot;}\" data-widget_type=\"image.default\">\n\t\t\t\t<div class=\"elementor-widget-container\">\n\t\t\t\t\t\t\t\t\t\t\t\t\t\t\t<img decoding=\"async\" width=\"1600\" height=\"898\" src=\"https:\/\/fancifinds.shop\/wp-content\/uploads\/2026\/04\/11-1-scaled-1.jpg\" class=\"attachment-full size-full wp-image-3766 wvs-archive-product-image\" alt=\"\" srcset=\"https:\/\/fancifinds.shop\/wp-content\/uploads\/2026\/04\/11-1-scaled-1.jpg 1600w, https:\/\/fancifinds.shop\/wp-content\/uploads\/2026\/04\/11-1-scaled-1-300x168.jpg 300w, https:\/\/fancifinds.shop\/wp-content\/uploads\/2026\/04\/11-1-scaled-1-1024x575.jpg 1024w, https:\/\/fancifinds.shop\/wp-content\/uploads\/2026\/04\/11-1-scaled-1-768x431.jpg 768w, https:\/\/fancifinds.shop\/wp-content\/uploads\/2026\/04\/11-1-scaled-1-1536x862.jpg 1536w, https:\/\/fancifinds.shop\/wp-content\/uploads\/2026\/04\/11-1-scaled-1-18x10.jpg 18w, https:\/\/fancifinds.shop\/wp-content\/uploads\/2026\/04\/11-1-scaled-1-110x62.jpg 110w, https:\/\/fancifinds.shop\/wp-content\/uploads\/2026\/04\/11-1-scaled-1-60x34.jpg 60w, https:\/\/fancifinds.shop\/wp-content\/uploads\/2026\/04\/11-1-scaled-1-600x337.jpg 600w\" sizes=\"(max-width: 1600px) 100vw, 1600px\" \/>\t\t\t\t\t\t\t\t\t\t\t\t\t\t\t<\/div>\n\t\t\t\t<\/div>\n\t\t\t\t<div class=\"elementor-element elementor-element-e083b65 elementor-widget elementor-widget-image\" data-id=\"e083b65\" data-element_type=\"widget\" data-settings=\"{&quot;ekit_we_effect_on&quot;:&quot;none&quot;}\" data-widget_type=\"image.default\">\n\t\t\t\t<div class=\"elementor-widget-container\">\n\t\t\t\t\t\t\t\t\t\t\t\t\t\t\t<img decoding=\"async\" width=\"1600\" height=\"898\" src=\"https:\/\/fancifinds.shop\/wp-content\/uploads\/2026\/04\/33-2-scaled-1.jpg\" class=\"attachment-full size-full wp-image-3767 wvs-archive-product-image\" alt=\"\" srcset=\"https:\/\/fancifinds.shop\/wp-content\/uploads\/2026\/04\/33-2-scaled-1.jpg 1600w, https:\/\/fancifinds.shop\/wp-content\/uploads\/2026\/04\/33-2-scaled-1-300x168.jpg 300w, https:\/\/fancifinds.shop\/wp-content\/uploads\/2026\/04\/33-2-scaled-1-1024x575.jpg 1024w, https:\/\/fancifinds.shop\/wp-content\/uploads\/2026\/04\/33-2-scaled-1-768x431.jpg 768w, https:\/\/fancifinds.shop\/wp-content\/uploads\/2026\/04\/33-2-scaled-1-1536x862.jpg 1536w, https:\/\/fancifinds.shop\/wp-content\/uploads\/2026\/04\/33-2-scaled-1-18x10.jpg 18w, https:\/\/fancifinds.shop\/wp-content\/uploads\/2026\/04\/33-2-scaled-1-110x62.jpg 110w, https:\/\/fancifinds.shop\/wp-content\/uploads\/2026\/04\/33-2-scaled-1-60x34.jpg 60w, https:\/\/fancifinds.shop\/wp-content\/uploads\/2026\/04\/33-2-scaled-1-600x337.jpg 600w\" sizes=\"(max-width: 1600px) 100vw, 1600px\" \/>\t\t\t\t\t\t\t\t\t\t\t\t\t\t\t<\/div>\n\t\t\t\t<\/div>\n\t\t\t\t<div class=\"elementor-element elementor-element-72b7ea4d elementor-widget elementor-widget-image\" data-id=\"72b7ea4d\" data-element_type=\"widget\" data-settings=\"{&quot;ekit_we_effect_on&quot;:&quot;none&quot;}\" data-widget_type=\"image.default\">\n\t\t\t\t<div class=\"elementor-widget-container\">\n\t\t\t\t\t\t\t\t\t\t\t\t\t\t\t<img loading=\"lazy\" decoding=\"async\" width=\"1600\" height=\"898\" src=\"https:\/\/fancifinds.shop\/wp-content\/uploads\/2026\/04\/44-1-scaled-1.jpg\" class=\"attachment-full size-full wp-image-3768 wvs-archive-product-image\" alt=\"\" srcset=\"https:\/\/fancifinds.shop\/wp-content\/uploads\/2026\/04\/44-1-scaled-1.jpg 1600w, https:\/\/fancifinds.shop\/wp-content\/uploads\/2026\/04\/44-1-scaled-1-300x168.jpg 300w, https:\/\/fancifinds.shop\/wp-content\/uploads\/2026\/04\/44-1-scaled-1-1024x575.jpg 1024w, https:\/\/fancifinds.shop\/wp-content\/uploads\/2026\/04\/44-1-scaled-1-768x431.jpg 768w, https:\/\/fancifinds.shop\/wp-content\/uploads\/2026\/04\/44-1-scaled-1-1536x862.jpg 1536w, https:\/\/fancifinds.shop\/wp-content\/uploads\/2026\/04\/44-1-scaled-1-18x10.jpg 18w, https:\/\/fancifinds.shop\/wp-content\/uploads\/2026\/04\/44-1-scaled-1-110x62.jpg 110w, https:\/\/fancifinds.shop\/wp-content\/uploads\/2026\/04\/44-1-scaled-1-60x34.jpg 60w, https:\/\/fancifinds.shop\/wp-content\/uploads\/2026\/04\/44-1-scaled-1-600x337.jpg 600w\" sizes=\"(max-width: 1600px) 100vw, 1600px\" \/>\t\t\t\t\t\t\t\t\t\t\t\t\t\t\t<\/div>\n\t\t\t\t<\/div>\n\t\t\t\t<div class=\"elementor-element elementor-element-544e58b7 elementor-widget elementor-widget-image\" data-id=\"544e58b7\" data-element_type=\"widget\" data-settings=\"{&quot;ekit_we_effect_on&quot;:&quot;none&quot;}\" data-widget_type=\"image.default\">\n\t\t\t\t<div class=\"elementor-widget-container\">\n\t\t\t\t\t\t\t\t\t\t\t\t\t\t\t<img loading=\"lazy\" decoding=\"async\" width=\"1600\" height=\"898\" src=\"https:\/\/fancifinds.shop\/wp-content\/uploads\/2026\/04\/55-1-scaled-1.jpg\" class=\"attachment-full size-full wp-image-3769 wvs-archive-product-image\" alt=\"\" srcset=\"https:\/\/fancifinds.shop\/wp-content\/uploads\/2026\/04\/55-1-scaled-1.jpg 1600w, https:\/\/fancifinds.shop\/wp-content\/uploads\/2026\/04\/55-1-scaled-1-300x168.jpg 300w, https:\/\/fancifinds.shop\/wp-content\/uploads\/2026\/04\/55-1-scaled-1-1024x575.jpg 1024w, https:\/\/fancifinds.shop\/wp-content\/uploads\/2026\/04\/55-1-scaled-1-768x431.jpg 768w, https:\/\/fancifinds.shop\/wp-content\/uploads\/2026\/04\/55-1-scaled-1-1536x862.jpg 1536w, https:\/\/fancifinds.shop\/wp-content\/uploads\/2026\/04\/55-1-scaled-1-18x10.jpg 18w, https:\/\/fancifinds.shop\/wp-content\/uploads\/2026\/04\/55-1-scaled-1-110x62.jpg 110w, https:\/\/fancifinds.shop\/wp-content\/uploads\/2026\/04\/55-1-scaled-1-60x34.jpg 60w, https:\/\/fancifinds.shop\/wp-content\/uploads\/2026\/04\/55-1-scaled-1-600x337.jpg 600w\" sizes=\"(max-width: 1600px) 100vw, 1600px\" \/>\t\t\t\t\t\t\t\t\t\t\t\t\t\t\t<\/div>\n\t\t\t\t<\/div>\n\t\t\t\t<div class=\"elementor-element elementor-element-51e05550 elementor-widget elementor-widget-image\" data-id=\"51e05550\" data-element_type=\"widget\" data-settings=\"{&quot;ekit_we_effect_on&quot;:&quot;none&quot;}\" data-widget_type=\"image.default\">\n\t\t\t\t<div class=\"elementor-widget-container\">\n\t\t\t\t\t\t\t\t\t\t\t\t\t\t\t<img loading=\"lazy\" decoding=\"async\" width=\"1600\" height=\"898\" src=\"https:\/\/fancifinds.shop\/wp-content\/uploads\/2026\/04\/66-3-scaled-1.jpg\" class=\"attachment-full size-full wp-image-3770 wvs-archive-product-image\" alt=\"\" srcset=\"https:\/\/fancifinds.shop\/wp-content\/uploads\/2026\/04\/66-3-scaled-1.jpg 1600w, https:\/\/fancifinds.shop\/wp-content\/uploads\/2026\/04\/66-3-scaled-1-300x168.jpg 300w, https:\/\/fancifinds.shop\/wp-content\/uploads\/2026\/04\/66-3-scaled-1-1024x575.jpg 1024w, https:\/\/fancifinds.shop\/wp-content\/uploads\/2026\/04\/66-3-scaled-1-768x431.jpg 768w, https:\/\/fancifinds.shop\/wp-content\/uploads\/2026\/04\/66-3-scaled-1-1536x862.jpg 1536w, https:\/\/fancifinds.shop\/wp-content\/uploads\/2026\/04\/66-3-scaled-1-18x10.jpg 18w, https:\/\/fancifinds.shop\/wp-content\/uploads\/2026\/04\/66-3-scaled-1-110x62.jpg 110w, https:\/\/fancifinds.shop\/wp-content\/uploads\/2026\/04\/66-3-scaled-1-60x34.jpg 60w, https:\/\/fancifinds.shop\/wp-content\/uploads\/2026\/04\/66-3-scaled-1-600x337.jpg 600w\" sizes=\"(max-width: 1600px) 100vw, 1600px\" \/>\t\t\t\t\t\t\t\t\t\t\t\t\t\t\t<\/div>\n\t\t\t\t<\/div>\n\t\t\t\t<div class=\"elementor-element elementor-element-1af34a47 elementor-widget elementor-widget-image\" data-id=\"1af34a47\" data-element_type=\"widget\" data-settings=\"{&quot;ekit_we_effect_on&quot;:&quot;none&quot;}\" data-widget_type=\"image.default\">\n\t\t\t\t<div class=\"elementor-widget-container\">\n\t\t\t\t\t\t\t\t\t\t\t\t\t\t\t<img loading=\"lazy\" decoding=\"async\" width=\"1600\" height=\"898\" src=\"https:\/\/fancifinds.shop\/wp-content\/uploads\/2026\/04\/77-2-scaled-1.jpg\" class=\"attachment-full size-full wp-image-3772 wvs-archive-product-image\" alt=\"\" srcset=\"https:\/\/fancifinds.shop\/wp-content\/uploads\/2026\/04\/77-2-scaled-1.jpg 1600w, https:\/\/fancifinds.shop\/wp-content\/uploads\/2026\/04\/77-2-scaled-1-300x168.jpg 300w, https:\/\/fancifinds.shop\/wp-content\/uploads\/2026\/04\/77-2-scaled-1-1024x575.jpg 1024w, https:\/\/fancifinds.shop\/wp-content\/uploads\/2026\/04\/77-2-scaled-1-768x431.jpg 768w, https:\/\/fancifinds.shop\/wp-content\/uploads\/2026\/04\/77-2-scaled-1-1536x862.jpg 1536w, https:\/\/fancifinds.shop\/wp-content\/uploads\/2026\/04\/77-2-scaled-1-18x10.jpg 18w, https:\/\/fancifinds.shop\/wp-content\/uploads\/2026\/04\/77-2-scaled-1-110x62.jpg 110w, https:\/\/fancifinds.shop\/wp-content\/uploads\/2026\/04\/77-2-scaled-1-60x34.jpg 60w, https:\/\/fancifinds.shop\/wp-content\/uploads\/2026\/04\/77-2-scaled-1-600x337.jpg 600w\" sizes=\"(max-width: 1600px) 100vw, 1600px\" \/>\t\t\t\t\t\t\t\t\t\t\t\t\t\t\t<\/div>\n\t\t\t\t<\/div>\n\t\t\t\t<div class=\"elementor-element elementor-element-3fa49824 elementor-widget elementor-widget-text-editor\" data-id=\"3fa49824\" data-element_type=\"widget\" data-settings=\"{&quot;ekit_we_effect_on&quot;:&quot;none&quot;}\" data-widget_type=\"text-editor.default\">\n\t\t\t\t<div class=\"elementor-widget-container\">\n\t\t\t\t\t\t\t\t\t<div><div><div><div><div><div><div><div><div><div><div><div><div dir=\"ltr\"><h3>\ud83c\udf6b Huesitos Original - Snack Cl\u00e1sico Espa\u00f1ol<\/h3><div>\u00a0<\/div><div>Disfrute del sabor intemporal de <strong>Huesitos Original<\/strong>Uno de los aperitivos cl\u00e1sicos m\u00e1s queridos de Espa\u00f1a. Crujientes barritas de barquillo recubiertas de suave chocolate, que ofrecen el equilibrio perfecto entre crujiente y dulce en cada bocado.<\/div><div>\u00a0<\/div><h3>\ud83d\udce6 Caja de 48 barritas envueltas individualmente.<\/h3><div>\u00a0<\/div><div>Esta pr\u00e1ctica caja contiene <strong>48 barritas de barquillo recubiertas de chocolate<\/strong>, ideal para casa, el colegio, la oficina, fiestas o momentos sobre la marcha. Cada barrita est\u00e1 envuelta individualmente para mantenerlas frescas y f\u00e1ciles de disfrutar en cualquier momento.<\/div><div>\u00a0<\/div><h3>\ud83e\udd62 Crujiente barquillo y suave cobertura de chocolate<\/h3><div>\u00a0<\/div><div>Cada Huesito presenta un ligero y crujiente centro de barquillo con una rica cobertura de chocolate. Su textura y sabor cl\u00e1sicos lo convierten en el favorito de ni\u00f1os y mayores, llev\u00e1ndote un trocito de Espa\u00f1a all\u00e1 donde vayas.<\/div><div>\u00a0<\/div><h3>\ud83c\uddea\ud83c\uddf8 Aut\u00e9ntica tradici\u00f3n espa\u00f1ola de aperitivos<\/h3><div>\u00a0<\/div><div>Aut\u00e9ntico icono de la reposter\u00eda espa\u00f1ola, Huesitos Original se elabora con ingredientes de calidad para mantener su aut\u00e9ntico y nost\u00e1lgico sabor. Perfecto para meriendas, descansos, almuerzos y para compartir con familiares y amigos.<\/div><div>\u00a0<\/div><\/div><\/div><\/div><\/div><\/div><\/div><\/div><\/div><\/div><\/div><\/div><\/div><\/div><div><div><div><div><div>\u00a0<\/div><\/div><\/div><\/div><\/div>\t\t\t\t\t\t\t\t<\/div>\n\t\t\t\t<\/div>\n\t\t\t\t\t<\/div>\n\t\t\t\t<\/div>\n\t\t<div class=\"elementor-element elementor-element-7f4a1403 e-flex e-con-boxed e-con e-parent\" data-id=\"7f4a1403\" data-element_type=\"container\" data-settings=\"{&quot;ekit_has_onepagescroll_dot&quot;:&quot;yes&quot;}\">\n\t\t\t\t\t<div class=\"e-con-inner\">\n\t\t\t\t<div class=\"elementor-element elementor-element-7091651e elementor-widget elementor-widget-text-editor\" data-id=\"7091651e\" data-element_type=\"widget\" data-settings=\"{&quot;ekit_we_effect_on&quot;:&quot;none&quot;}\" data-widget_type=\"text-editor.default\">\n\t\t\t\t<div class=\"elementor-widget-container\">\n\t\t\t\t\t\t\t\t\t<!DOCTYPE html>\n<html lang=\"en\">\n<head>\n<meta charset=\"UTF-8\">\n<meta name=\"viewport\" content=\"width=device-width, initial-scale=1.0\">\n<title>Product Details<\/title>\n<style>\n  * {\n    margin: 0;\n    padding: 0;\n    box-sizing: border-box;\n  }\n  body {\n    background: transparent;\n    font-family: 'Inter', 'Segoe UI', system-ui, sans-serif;\n  }\n  .spec-table {\n    width: 100%;\n    border-collapse: collapse;\n    font-size: 14px;\n    line-height: 1.8;\n  }\n  .spec-table tr {\n    border-bottom: 1px solid #e6eef7;\n  }\n  .spec-table td:nth-child(1),\n  .spec-table td:nth-child(3) {\n    width: 20%;\n    font-weight: 500;\n    color: #2d70b3;\n    background: #f5f9ff;\n    padding: 12px 14px;\n    text-align: left;\n    vertical-align: top;\n  }\n  .spec-table td:nth-child(2),\n  .spec-table td:nth-child(4) {\n    width: 30%;\n    color: #333;\n    background: #fff;\n    padding: 12px 14px;\n    text-align: left;\n    vertical-align: top;\n  }\n<\/style>\n<\/head>\n<body>\n\n<table class=\"spec-table\">\n  <tr>\n    <td>Producto<\/td>\n    <td>Huesitos Original<\/td>\n    <td>Cantidad<\/td>\n    <td>48 Bares<\/td>\n  <\/tr>\n  <tr>\n    <td>Formato<\/td>\n    <td>Caja<\/td>\n    <td>Tipo<\/td>\n    <td>Barritas de barquillo<\/td>\n  <\/tr>\n  <tr>\n    <td>Revestimiento<\/td>\n    <td>Cubierta de chocolate<\/td>\n    <td>Estilo<\/td>\n    <td>Cl\u00e1sico aperitivo espa\u00f1ol<\/td>\n  <\/tr>\n  <tr>\n    <td>Utilizaci\u00f3n<\/td>\n    <td>Snack para llevar<\/td>\n    <td>Caracter\u00edstica<\/td>\n    <td>Receta tradicional<\/td>\n  <\/tr>\n<\/table>\n\n<\/body>\n<\/html>\t\t\t\t\t\t\t\t<\/div>\n\t\t\t\t<\/div>\n\t\t\t\t\t<\/div>\n\t\t\t\t<\/div>\n\t\t\t\t<\/div>","protected":false},"excerpt":{"rendered":"<p>\ud83c\udf6b Huesitos Original \u2013 Classic Spanish Snack \u00a0Enjoy the timeless taste of Huesitos Original, one of Spain\u2019s most beloved classic snacks. Crisp wafer sticks covered in smooth chocolate, delivering the perfect balance of crunch and sweetness in every bite.\u00a0 \ud83d\udce6 Box of 48 Individually Wrapped Bars \u00a0This convenient box contains 48 chocolate-coated wafer bars, ideal [&hellip;]<\/p>","protected":false},"featured_media":3761,"comment_status":"open","ping_status":"closed","template":"","meta":{"_acf_changed":false},"product_brand":[],"product_cat":[35],"product_tag":[],"class_list":{"0":"post-3780","1":"product","2":"type-product","3":"status-publish","4":"has-post-thumbnail","6":"product_cat-sale","8":"first","9":"instock","10":"sale","11":"shipping-taxable","12":"purchasable","13":"product-type-simple"},"acf":[],"_links":{"self":[{"href":"https:\/\/fancifinds.shop\/es\/wp-json\/wp\/v2\/product\/3780","targetHints":{"allow":["GET"]}}],"collection":[{"href":"https:\/\/fancifinds.shop\/es\/wp-json\/wp\/v2\/product"}],"about":[{"href":"https:\/\/fancifinds.shop\/es\/wp-json\/wp\/v2\/types\/product"}],"replies":[{"embeddable":true,"href":"https:\/\/fancifinds.shop\/es\/wp-json\/wp\/v2\/comments?post=3780"}],"version-history":[{"count":0,"href":"https:\/\/fancifinds.shop\/es\/wp-json\/wp\/v2\/product\/3780\/revisions"}],"wp:featuredmedia":[{"embeddable":true,"href":"https:\/\/fancifinds.shop\/es\/wp-json\/wp\/v2\/media\/3761"}],"wp:attachment":[{"href":"https:\/\/fancifinds.shop\/es\/wp-json\/wp\/v2\/media?parent=3780"}],"wp:term":[{"taxonomy":"product_brand","embeddable":true,"href":"https:\/\/fancifinds.shop\/es\/wp-json\/wp\/v2\/product_brand?post=3780"},{"taxonomy":"product_cat","embeddable":true,"href":"https:\/\/fancifinds.shop\/es\/wp-json\/wp\/v2\/product_cat?post=3780"},{"taxonomy":"product_tag","embeddable":true,"href":"https:\/\/fancifinds.shop\/es\/wp-json\/wp\/v2\/product_tag?post=3780"}],"curies":[{"name":"wp","href":"https:\/\/api.w.org\/{rel}","templated":true}]}}