{"id":2622,"date":"2025-11-21T09:40:38","date_gmt":"2025-11-21T09:40:38","guid":{"rendered":"https:\/\/fancifinds.shop\/?post_type=product&#038;p=2622"},"modified":"2025-11-21T09:43:05","modified_gmt":"2025-11-21T09:43:05","slug":"2-for-1-lash-growth-serum-glow-for-it-lengthen-and-strengthen-your-lashes","status":"publish","type":"product","link":"https:\/\/fancifinds.shop\/es\/producto\/2-for-1-lash-growth-serum-glow-for-it-lengthen-and-strengthen-your-lashes\/","title":{"rendered":"S\u00e9rum para el crecimiento de las pesta\u00f1as 2 por 1 - Glow For It - \u00a1Alargue y fortalezca sus pesta\u00f1as!"},"content":{"rendered":"<p><img fetchpriority=\"high\" decoding=\"async\" width=\"800\" height=\"800\" src=\"https:\/\/newbotay.shop\/wp-content\/uploads\/2025\/11\/08a603417666454ca24e50d6bbc38977tplv-t5fjg24jzw-resize-webp_800_800-1.webp\" alt=\"\" srcset=\"https:\/\/newbotay.shop\/wp-content\/uploads\/2025\/11\/08a603417666454ca24e50d6bbc38977tplv-t5fjg24jzw-resize-webp_800_800-1.webp 800w, https:\/\/newbotay.shop\/wp-content\/uploads\/2025\/11\/08a603417666454ca24e50d6bbc38977tplv-t5fjg24jzw-resize-webp_800_800-1-300x300.webp 300w, https:\/\/newbotay.shop\/wp-content\/uploads\/2025\/11\/08a603417666454ca24e50d6bbc38977tplv-t5fjg24jzw-resize-webp_800_800-1-150x150.webp 150w, https:\/\/newbotay.shop\/wp-content\/uploads\/2025\/11\/08a603417666454ca24e50d6bbc38977tplv-t5fjg24jzw-resize-webp_800_800-1-768x768.webp 768w, https:\/\/newbotay.shop\/wp-content\/uploads\/2025\/11\/08a603417666454ca24e50d6bbc38977tplv-t5fjg24jzw-resize-webp_800_800-1-12x12.webp 12w, https:\/\/newbotay.shop\/wp-content\/uploads\/2025\/11\/08a603417666454ca24e50d6bbc38977tplv-t5fjg24jzw-resize-webp_800_800-1-60x60.webp 60w, https:\/\/newbotay.shop\/wp-content\/uploads\/2025\/11\/08a603417666454ca24e50d6bbc38977tplv-t5fjg24jzw-resize-webp_800_800-1-110x110.webp 110w, https:\/\/newbotay.shop\/wp-content\/uploads\/2025\/11\/08a603417666454ca24e50d6bbc38977tplv-t5fjg24jzw-resize-webp_800_800-1-600x600.webp 600w, https:\/\/newbotay.shop\/wp-content\/uploads\/2025\/11\/08a603417666454ca24e50d6bbc38977tplv-t5fjg24jzw-resize-webp_800_800-1-130x130.webp 130w\" sizes=\"(max-width: 800px) 100vw, 800px\" \/><br \/>\n\t\t\t\t\t\t\t\t\t\t\t\t\t<img decoding=\"async\" width=\"800\" height=\"800\" src=\"https:\/\/newbotay.shop\/wp-content\/uploads\/2025\/11\/7d9d4cab6d9d488bb7342a586b2c0f2etplv-t5fjg24jzw-resize-webp_800_800-1.webp\" alt=\"\" srcset=\"https:\/\/newbotay.shop\/wp-content\/uploads\/2025\/11\/7d9d4cab6d9d488bb7342a586b2c0f2etplv-t5fjg24jzw-resize-webp_800_800-1.webp 800w, https:\/\/newbotay.shop\/wp-content\/uploads\/2025\/11\/7d9d4cab6d9d488bb7342a586b2c0f2etplv-t5fjg24jzw-resize-webp_800_800-1-300x300.webp 300w, https:\/\/newbotay.shop\/wp-content\/uploads\/2025\/11\/7d9d4cab6d9d488bb7342a586b2c0f2etplv-t5fjg24jzw-resize-webp_800_800-1-150x150.webp 150w, https:\/\/newbotay.shop\/wp-content\/uploads\/2025\/11\/7d9d4cab6d9d488bb7342a586b2c0f2etplv-t5fjg24jzw-resize-webp_800_800-1-768x768.webp 768w, https:\/\/newbotay.shop\/wp-content\/uploads\/2025\/11\/7d9d4cab6d9d488bb7342a586b2c0f2etplv-t5fjg24jzw-resize-webp_800_800-1-12x12.webp 12w, https:\/\/newbotay.shop\/wp-content\/uploads\/2025\/11\/7d9d4cab6d9d488bb7342a586b2c0f2etplv-t5fjg24jzw-resize-webp_800_800-1-60x60.webp 60w, https:\/\/newbotay.shop\/wp-content\/uploads\/2025\/11\/7d9d4cab6d9d488bb7342a586b2c0f2etplv-t5fjg24jzw-resize-webp_800_800-1-110x110.webp 110w, https:\/\/newbotay.shop\/wp-content\/uploads\/2025\/11\/7d9d4cab6d9d488bb7342a586b2c0f2etplv-t5fjg24jzw-resize-webp_800_800-1-600x600.webp 600w, https:\/\/newbotay.shop\/wp-content\/uploads\/2025\/11\/7d9d4cab6d9d488bb7342a586b2c0f2etplv-t5fjg24jzw-resize-webp_800_800-1-130x130.webp 130w\" sizes=\"(max-width: 800px) 100vw, 800px\" \/><br \/>\n\t\t\t\t\t\t\t\t\t\t\t\t\t<img decoding=\"async\" width=\"800\" height=\"800\" src=\"https:\/\/newbotay.shop\/wp-content\/uploads\/2025\/11\/b0fbb7edbfd545d4a79d534119b391e6tplv-t5fjg24jzw-resize-webp_800_800-1.webp\" alt=\"\" srcset=\"https:\/\/newbotay.shop\/wp-content\/uploads\/2025\/11\/b0fbb7edbfd545d4a79d534119b391e6tplv-t5fjg24jzw-resize-webp_800_800-1.webp 800w, https:\/\/newbotay.shop\/wp-content\/uploads\/2025\/11\/b0fbb7edbfd545d4a79d534119b391e6tplv-t5fjg24jzw-resize-webp_800_800-1-300x300.webp 300w, https:\/\/newbotay.shop\/wp-content\/uploads\/2025\/11\/b0fbb7edbfd545d4a79d534119b391e6tplv-t5fjg24jzw-resize-webp_800_800-1-150x150.webp 150w, https:\/\/newbotay.shop\/wp-content\/uploads\/2025\/11\/b0fbb7edbfd545d4a79d534119b391e6tplv-t5fjg24jzw-resize-webp_800_800-1-768x768.webp 768w, https:\/\/newbotay.shop\/wp-content\/uploads\/2025\/11\/b0fbb7edbfd545d4a79d534119b391e6tplv-t5fjg24jzw-resize-webp_800_800-1-12x12.webp 12w, https:\/\/newbotay.shop\/wp-content\/uploads\/2025\/11\/b0fbb7edbfd545d4a79d534119b391e6tplv-t5fjg24jzw-resize-webp_800_800-1-60x60.webp 60w, https:\/\/newbotay.shop\/wp-content\/uploads\/2025\/11\/b0fbb7edbfd545d4a79d534119b391e6tplv-t5fjg24jzw-resize-webp_800_800-1-110x110.webp 110w, https:\/\/newbotay.shop\/wp-content\/uploads\/2025\/11\/b0fbb7edbfd545d4a79d534119b391e6tplv-t5fjg24jzw-resize-webp_800_800-1-600x600.webp 600w, https:\/\/newbotay.shop\/wp-content\/uploads\/2025\/11\/b0fbb7edbfd545d4a79d534119b391e6tplv-t5fjg24jzw-resize-webp_800_800-1-130x130.webp 130w\" sizes=\"(max-width: 800px) 100vw, 800px\" \/><br \/>\n\t\tDescripci\u00f3n del producto<br \/>\nTransforme sus pesta\u00f1as con Glow For It Lash Serum, una f\u00f3rmula vegana sin prostaglandinas dise\u00f1ada para proporcionarle unas pesta\u00f1as m\u00e1s sanas, espesas, voluminosas y largas. Fabricado en el Reino Unido, este s\u00e9rum con p\u00e9ptidos nutre y estimula el fol\u00edculo de las pesta\u00f1as para obtener resultados visibles sin los efectos secundarios de los an\u00e1logos de las prostaglandinas. Descubra el poder de unas pesta\u00f1as naturalmente m\u00e1s largas y voluminosas con Glow For It Lash Serum. A diferencia de muchos s\u00e9rums para pesta\u00f1as que contienen an\u00e1logos de prostaglandina, conocidos por causar p\u00e9rdida de grasa orbital, hiperpigmentaci\u00f3n y decoloraci\u00f3n, Glow For It no contiene an\u00e1logos de prostaglandina y es suave, por lo que es seguro para el uso diario... F\u00f3rmula cl\u00ednicamente probada... Dermatol\u00f3gicamente probado para ser suave y seguro para la piel.<\/p>","protected":false},"excerpt":{"rendered":"<p>Product description Transform your lashes with Glow For It Lash Serum ?C a vegan, prostaglandin free formula designed to give you healthier, thicker, fuller, longer lashes.Manufactured in the UK, this peptide powered serum nourishes and stimulates the lash follicle for visible results without the side effects of prostaglandin analogues.?Discover the power of naturally longer, fuller [&hellip;]<\/p>","protected":false},"featured_media":2623,"comment_status":"open","ping_status":"closed","template":"","meta":{"_acf_changed":false},"product_brand":[],"product_cat":[41],"product_tag":[],"class_list":{"0":"post-2622","1":"product","2":"type-product","3":"status-publish","4":"has-post-thumbnail","6":"product_cat-home-living","8":"first","9":"instock","10":"sale","11":"shipping-taxable","12":"purchasable","13":"product-type-simple"},"acf":[],"_links":{"self":[{"href":"https:\/\/fancifinds.shop\/es\/wp-json\/wp\/v2\/product\/2622","targetHints":{"allow":["GET"]}}],"collection":[{"href":"https:\/\/fancifinds.shop\/es\/wp-json\/wp\/v2\/product"}],"about":[{"href":"https:\/\/fancifinds.shop\/es\/wp-json\/wp\/v2\/types\/product"}],"replies":[{"embeddable":true,"href":"https:\/\/fancifinds.shop\/es\/wp-json\/wp\/v2\/comments?post=2622"}],"version-history":[{"count":0,"href":"https:\/\/fancifinds.shop\/es\/wp-json\/wp\/v2\/product\/2622\/revisions"}],"wp:featuredmedia":[{"embeddable":true,"href":"https:\/\/fancifinds.shop\/es\/wp-json\/wp\/v2\/media\/2623"}],"wp:attachment":[{"href":"https:\/\/fancifinds.shop\/es\/wp-json\/wp\/v2\/media?parent=2622"}],"wp:term":[{"taxonomy":"product_brand","embeddable":true,"href":"https:\/\/fancifinds.shop\/es\/wp-json\/wp\/v2\/product_brand?post=2622"},{"taxonomy":"product_cat","embeddable":true,"href":"https:\/\/fancifinds.shop\/es\/wp-json\/wp\/v2\/product_cat?post=2622"},{"taxonomy":"product_tag","embeddable":true,"href":"https:\/\/fancifinds.shop\/es\/wp-json\/wp\/v2\/product_tag?post=2622"}],"curies":[{"name":"wp","href":"https:\/\/api.w.org\/{rel}","templated":true}]}}